{"id":35503,"date":"2025-09-03T15:00:53","date_gmt":"2025-09-03T12:00:53","guid":{"rendered":"https:\/\/tallinktennisekeskus.ee\/%d1%81%d0%b2%d1%8f%d0%b6%d0%b8%d1%82%d0%b5%d1%81%d1%8c-%d1%81-%d1%82%d0%b5%d0%bd%d0%bd%d0%b8%d1%81%d0%bd%d0%be%d0%b9-%d1%88%d0%ba%d0%be%d0%bb%d0%be%d0%b9\/"},"modified":"2025-09-03T15:07:26","modified_gmt":"2025-09-03T12:07:26","slug":"%d1%81%d0%b2%d1%8f%d0%b6%d0%b8%d1%82%d0%b5%d1%81%d1%8c-%d1%81-%d1%82%d0%b5%d0%bd%d0%bd%d0%b8%d1%81%d0%bd%d0%be%d0%b9-%d1%88%d0%ba%d0%be%d0%bb%d0%be%d0%b9","status":"publish","type":"page","link":"https:\/\/tallinktennisekeskus.ee\/ru\/%d1%81%d0%b2%d1%8f%d0%b6%d0%b8%d1%82%d0%b5%d1%81%d1%8c-%d1%81-%d1%82%d0%b5%d0%bd%d0%bd%d0%b8%d1%81%d0%bd%d0%be%d0%b9-%d1%88%d0%ba%d0%be%d0%bb%d0%be%d0%b9\/","title":{"rendered":"\u0421\u0432\u044f\u0436\u0438\u0442\u0435\u0441\u044c \u0441 \u0442\u0435\u043d\u043d\u0438\u0441\u043d\u043e\u0439 \u0448\u043a\u043e\u043b\u043e\u0439"},"content":{"rendered":"\t\t<div data-elementor-type=\"wp-page\" data-elementor-id=\"35503\" class=\"elementor elementor-35503 elementor-35493\">\n\t\t\t\t\t\t<section class=\"elementor-section elementor-top-section elementor-element elementor-element-9c71923 elementor-section-boxed elementor-section-height-default elementor-section-height-default sc_fly_static\" data-id=\"9c71923\" data-element_type=\"section\">\n\t\t\t\t\t\t<div class=\"elementor-container elementor-column-gap-extended\">\n\t\t\t\t\t<div class=\"elementor-column elementor-col-50 elementor-top-column elementor-element elementor-element-a448cd4 sc_content_align_inherit sc_layouts_column_icons_position_left sc_fly_static\" data-id=\"a448cd4\" data-element_type=\"column\">\n\t\t\t<div class=\"elementor-widget-wrap elementor-element-populated\">\n\t\t\t\t\t\t<div class=\"elementor-element elementor-element-2cce302 sc_fly_static elementor-widget elementor-widget-trx_sc_title\" data-id=\"2cce302\" data-element_type=\"widget\" data-widget_type=\"trx_sc_title.default\">\n\t\t\t\t<div class=\"elementor-widget-container\">\n\t\t\t\t\t<div\t\tclass=\"sc_title sc_title_default\" ><span class=\"sc_item_subtitle sc_title_subtitle sc_item_subtitle_above sc_item_title_style_default\">\u0422\u0435\u043d\u043d\u0438\u0441\u043d\u044b\u0439 \u0446\u0435\u043d\u0442\u0440 Tallink<\/span><h1 class=\"sc_item_title sc_title_title sc_item_title_style_default sc_item_title_tag\"\n\t\t\t><span class=\"sc_item_title_text\">\u0421\u0432\u044f\u0436\u0438\u0442\u0435\u0441\u044c \u0441 \u0442\u0435\u043d\u043d\u0438\u0441\u043d\u043e\u0439 \u0448\u043a\u043e\u043b\u043e\u0439<\/span><\/h1><\/div>\t\t\t\t<\/div>\n\t\t\t\t<\/div>\n\t\t\t\t<div class=\"elementor-element elementor-element-15f54d3 sc_fly_static elementor-widget elementor-widget-spacer\" data-id=\"15f54d3\" data-element_type=\"widget\" data-widget_type=\"spacer.default\">\n\t\t\t\t<div class=\"elementor-widget-container\">\n\t\t\t\t\t\t\t<div class=\"elementor-spacer\">\n\t\t\t<div class=\"elementor-spacer-inner\"><\/div>\n\t\t<\/div>\n\t\t\t\t\t\t<\/div>\n\t\t\t\t<\/div>\n\t\t\t\t<div class=\"elementor-element elementor-element-ea466da sc_fly_static elementor-widget elementor-widget-trx_sc_icons\" data-id=\"ea466da\" data-element_type=\"widget\" data-widget_type=\"trx_sc_icons.default\">\n\t\t\t\t<div class=\"elementor-widget-container\">\n\t\t\t\t\t<div \tclass=\"sc_icons sc_icons_simple sc_icons_size_small sc_align_none\" ><div class=\"sc_icons_item with_more\"><div class=\"sc_icons_icon sc_icon_type_ icon-marker\" style=\"color: #3BB1E3\" ><span class=\"sc_icon_type_ icon-marker\" style=\"color: #3BB1E3\"><\/span><\/div><div class=\"sc_icons_item_details\"><div class=\"sc_icons_item_description\"><span>Lasnam\u00e4e Spordikeskus O\u00dc<\/span><span>Osmussaare 7, 13811 Tallinn<\/span><\/div><\/div><\/div><div class=\"sc_icons_item\"><div class=\"sc_icons_icon sc_icon_type_ icon-phone\" style=\"color: #3BB1E3\" ><span class=\"sc_icon_type_ icon-phone\" style=\"color: #3BB1E3\"><\/span><\/div><div class=\"sc_icons_item_details\"><div class=\"sc_icons_item_description\"><span><a href=\"tel:6118383\">611 8383<\/a><\/span><\/div><\/div><\/div><div class=\"sc_icons_item with_more\"><div class=\"sc_icons_icon sc_icon_type_ icon-envelope-2\" style=\"color: #3BB1E3\" ><span class=\"sc_icon_type_ icon-envelope-2\" style=\"color: #3BB1E3\"><\/span><\/div><div class=\"sc_icons_item_details\"><div class=\"sc_icons_item_description\"><span><a href=\"mailto:tennisekool@tallink.ee\">tennisekool@tallink.ee<\/a><\/span><\/div><\/div><\/div><\/div><!-- \/.sc_icons -->\t\t\t\t<\/div>\n\t\t\t\t<\/div>\n\t\t\t\t\t<\/div>\n\t\t<\/div>\n\t\t\t\t<div class=\"elementor-column elementor-col-50 elementor-top-column elementor-element elementor-element-61d1b53 sc_content_align_inherit sc_layouts_column_icons_position_left sc_fly_static\" data-id=\"61d1b53\" data-element_type=\"column\">\n\t\t\t<div class=\"elementor-widget-wrap elementor-element-populated\">\n\t\t\t\t\t\t<div class=\"elementor-element elementor-element-7b559fe sc_fly_static elementor-widget elementor-widget-spacer\" data-id=\"7b559fe\" data-element_type=\"widget\" data-widget_type=\"spacer.default\">\n\t\t\t\t<div class=\"elementor-widget-container\">\n\t\t\t\t\t\t\t<div class=\"elementor-spacer\">\n\t\t\t<div class=\"elementor-spacer-inner\"><\/div>\n\t\t<\/div>\n\t\t\t\t\t\t<\/div>\n\t\t\t\t<\/div>\n\t\t\t\t<div class=\"elementor-element elementor-element-61429cf sc_fly_static elementor-widget elementor-widget-trx_sc_contact_form_7\" data-id=\"61429cf\" data-element_type=\"widget\" data-widget_type=\"trx_sc_contact_form_7.default\">\n\t\t\t\t<div class=\"elementor-widget-container\">\n\t\t\t\t\t\n<div class=\"wpcf7 no-js\" id=\"wpcf7-f35486-o1\" lang=\"ru-RU\" dir=\"ltr\" data-wpcf7-id=\"35486\">\n<div class=\"screen-reader-response\"><p role=\"status\" aria-live=\"polite\" aria-atomic=\"true\"><\/p> <ul><\/ul><\/div>\n<form action=\"\/ru\/wp-json\/wp\/v2\/pages\/35503#wpcf7-f35486-o1\" method=\"post\" class=\"wpcf7-form init\" aria-label=\"\u041a\u043e\u043d\u0442\u0430\u043a\u0442\u043d\u0430\u044f \u0444\u043e\u0440\u043c\u0430\" novalidate=\"novalidate\" data-status=\"init\">\n<div style=\"display: none;\">\n<input type=\"hidden\" name=\"_wpcf7\" value=\"35486\" \/>\n<input type=\"hidden\" name=\"_wpcf7_version\" value=\"6.0.6\" \/>\n<input type=\"hidden\" name=\"_wpcf7_locale\" value=\"ru_RU\" \/>\n<input type=\"hidden\" name=\"_wpcf7_unit_tag\" value=\"wpcf7-f35486-o1\" \/>\n<input type=\"hidden\" name=\"_wpcf7_container_post\" value=\"0\" \/>\n<input type=\"hidden\" name=\"_wpcf7_posted_data_hash\" value=\"\" \/>\n<\/div>\n<p><span id=\"wpcf7-69f3ea9b2690d-wrapper\" class=\"wpcf7-form-control-wrap honeypot-798-wrap\" style=\"display:none !important; visibility:hidden !important;\"><label for=\"wpcf7-69f3ea9b2690d-field\" class=\"hp-message\">\u041e\u0441\u0442\u0430\u0432\u044c\u0442\u0435 \u044d\u0442\u043e \u043f\u043e\u043b\u0435 \u043f\u0443\u0441\u0442\u044b\u043c.<\/label><input id=\"wpcf7-69f3ea9b2690d-field\"  class=\"wpcf7-form-control wpcf7-text\" type=\"text\" name=\"honeypot-798\" value=\"\" size=\"40\" tabindex=\"-1\" autocomplete=\"new-password\" \/><\/span>\n<\/p>\n<div class=\"form-style-4\">\n\t<div class=\"columns_wrap\">\n\t\t<div class=\"column-1_1\">\n\t\t\t<p><span class=\"style-icon icon-name\"><span class=\"wpcf7-form-control-wrap\" data-name=\"your-name\"><input size=\"40\" maxlength=\"400\" class=\"wpcf7-form-control wpcf7-text wpcf7-validates-as-required\" aria-required=\"true\" aria-invalid=\"false\" placeholder=\"\u0418\u043c\u044f\" value=\"\" type=\"text\" name=\"your-name\" \/><\/span><\/span>\n\t\t\t<\/p>\n\t\t<\/div>\n\t<\/div>\n\t<div class=\"columns_wrap\">\n\t\t<div class=\"column-1_2\">\n\t\t\t<p><span class=\"style-icon icon-email\"><span class=\"wpcf7-form-control-wrap\" data-name=\"your-email\"><input size=\"40\" maxlength=\"400\" class=\"wpcf7-form-control wpcf7-email wpcf7-validates-as-required wpcf7-text wpcf7-validates-as-email\" aria-required=\"true\" aria-invalid=\"false\" placeholder=\"\u0410\u0434\u0440\u0435\u0441 \u044d\u043b\u0435\u043a\u0442\u0440\u043e\u043d\u043d\u043e\u0439 \u043f\u043e\u0447\u0442\u044b\" value=\"\" type=\"email\" name=\"your-email\" \/><\/span><\/span>\n\t\t\t<\/p>\n\t\t<\/div>\n\t\t<div class=\"column-1_2\">\n\t\t\t<p><span class=\"style-icon icon-phone\"><span class=\"wpcf7-form-control-wrap\" data-name=\"phone\"><input size=\"40\" maxlength=\"400\" class=\"wpcf7-form-control wpcf7-tel wpcf7-validates-as-required wpcf7-text wpcf7-validates-as-tel\" aria-required=\"true\" aria-invalid=\"false\" placeholder=\"\u0422\u0435\u043b\u0435\u0444\u043e\u043d\" value=\"\" type=\"tel\" name=\"phone\" \/><\/span><\/span>\n\t\t\t<\/p>\n\t\t<\/div>\n\t<\/div>\n\t<div class=\"columns_wrap margin-bottom\">\n\t\t<div class=\"column-1_1\">\n\t\t\t<p><span class=\"style-icon icon-textarea\"><span class=\"wpcf7-form-control-wrap\" data-name=\"your-message\"><textarea cols=\"40\" rows=\"10\" maxlength=\"2000\" class=\"wpcf7-form-control wpcf7-textarea wpcf7-validates-as-required\" aria-required=\"true\" aria-invalid=\"false\" placeholder=\"\u0421\u0432\u044f\u0436\u0438\u0442\u0435\u0441\u044c \u0441 \u0442\u0435\u043d\u043d\u0438\u0441\u043d\u043e\u0439 \u0448\u043a\u043e\u043b\u043e\u0439\" name=\"your-message\"><\/textarea><\/span><\/span>\n\t\t\t<\/p>\n\t\t<\/div>\n\t<\/div>\n\t<p><span class=\"wpcf7-form-control-wrap\" data-name=\"acceptance\"><span class=\"wpcf7-form-control wpcf7-acceptance\"><span class=\"wpcf7-list-item\"><label><input type=\"checkbox\" name=\"acceptance\" value=\"1\" aria-invalid=\"false\" \/><span class=\"wpcf7-list-item-label\">\u042f \u0441\u043e\u0433\u043b\u0430\u0441\u0435\u043d \u0441 \u043f <a href=\"https:\/\/tallinktennisekeskus.ee\/tingimused\/privaatsuspoliitika\/\" target=\"_blank\">\u043f\u043e\u043b\u0438\u0442\u0438\u043a\u043e\u0439 \u043a\u043e\u043d\u0444\u0438\u0434\u0435\u043d\u0446\u0438\u0430\u043b\u044c\u043d\u043e\u0441\u0442\u0438 \u0422\u0435\u043d\u043d\u0438\u0441\u043d\u043e\u0433\u043e \u0446\u0435\u043d\u0442\u0440\u0430 Tallink.<\/a>.<\/span><\/label><\/span><\/span><\/span><input class=\"wpcf7-form-control wpcf7-submit has-spinner\" type=\"submit\" value=\"\u0421\u0432\u044f\u0436\u0438\u0442\u0435\u0441\u044c \u0441 \u043d\u0430\u043c\u0438\" \/>\n\t<\/p>\n<\/div><div class=\"wpcf7-response-output\" aria-hidden=\"true\"><\/div>\n<\/form>\n<\/div>\n\t\t\t\t<\/div>\n\t\t\t\t<\/div>\n\t\t\t\t<div class=\"elementor-element elementor-element-835fe53 sc_height_medium sc_fly_static elementor-widget elementor-widget-spacer\" data-id=\"835fe53\" data-element_type=\"widget\" data-widget_type=\"spacer.default\">\n\t\t\t\t<div class=\"elementor-widget-container\">\n\t\t\t\t\t\t\t<div class=\"elementor-spacer\">\n\t\t\t<div class=\"elementor-spacer-inner\"><\/div>\n\t\t<\/div>\n\t\t\t\t\t\t<\/div>\n\t\t\t\t<\/div>\n\t\t\t\t\t<\/div>\n\t\t<\/div>\n\t\t\t\t\t<\/div>\n\t\t<\/section>\n\t\t\t\t<\/div>\n\t\t","protected":false},"excerpt":{"rendered":"<p>\u0422\u0435\u043d\u043d\u0438\u0441\u043d\u044b\u0439 \u0446\u0435\u043d\u0442\u0440 Tallink \u0421\u0432\u044f\u0436\u0438\u0442\u0435\u0441\u044c \u0441 \u0442\u0435\u043d\u043d\u0438\u0441\u043d\u043e\u0439 \u0448\u043a\u043e\u043b\u043e\u0439 Lasnam\u00e4e Spordikeskus O\u00dcOsmussaare 7, 13811 Tallinn611 8383tennisekool@tallink.ee Please leave this field empty. N\u00f5ustun Tallink Tennisekeskuse privaatsustingimustega.<\/p>\n","protected":false},"author":1,"featured_media":0,"parent":0,"menu_order":0,"comment_status":"closed","ping_status":"closed","template":"","meta":{"footnotes":""},"class_list":["post-35503","page","type-page","status-publish","hentry"],"_links":{"self":[{"href":"https:\/\/tallinktennisekeskus.ee\/ru\/wp-json\/wp\/v2\/pages\/35503","targetHints":{"allow":["GET"]}}],"collection":[{"href":"https:\/\/tallinktennisekeskus.ee\/ru\/wp-json\/wp\/v2\/pages"}],"about":[{"href":"https:\/\/tallinktennisekeskus.ee\/ru\/wp-json\/wp\/v2\/types\/page"}],"author":[{"embeddable":true,"href":"https:\/\/tallinktennisekeskus.ee\/ru\/wp-json\/wp\/v2\/users\/1"}],"replies":[{"embeddable":true,"href":"https:\/\/tallinktennisekeskus.ee\/ru\/wp-json\/wp\/v2\/comments?post=35503"}],"version-history":[{"count":1,"href":"https:\/\/tallinktennisekeskus.ee\/ru\/wp-json\/wp\/v2\/pages\/35503\/revisions"}],"predecessor-version":[{"id":35504,"href":"https:\/\/tallinktennisekeskus.ee\/ru\/wp-json\/wp\/v2\/pages\/35503\/revisions\/35504"}],"wp:attachment":[{"href":"https:\/\/tallinktennisekeskus.ee\/ru\/wp-json\/wp\/v2\/media?parent=35503"}],"curies":[{"name":"wp","href":"https:\/\/api.w.org\/{rel}","templated":true}]}}