{"id":29311,"date":"2024-09-26T11:36:59","date_gmt":"2024-09-26T11:36:59","guid":{"rendered":"https:\/\/tallinktennisekeskus.ee\/%d0%b7%d0%b0%d0%bf%d0%b8%d1%88%d0%b8%d1%82%d0%b5%d1%81%d1%8c-%d0%b2-%d1%82%d0%b5%d0%bd%d0%bd%d0%b8%d1%81%d0%bd%d1%83%d1%8e-%d1%88%d0%ba%d0%be%d0%bb%d1%83\/"},"modified":"2024-10-22T09:34:59","modified_gmt":"2024-10-22T09:34:59","slug":"%d0%b7%d0%b0%d0%bf%d0%b8%d1%88%d0%b8%d1%82%d0%b5%d1%81%d1%8c-%d0%b2-%d1%82%d0%b5%d0%bd%d0%bd%d0%b8%d1%81%d0%bd%d1%83%d1%8e-%d1%88%d0%ba%d0%be%d0%bb%d1%83","status":"publish","type":"page","link":"https:\/\/tallinktennisekeskus.ee\/ru\/%d0%b7%d0%b0%d0%bf%d0%b8%d1%88%d0%b8%d1%82%d0%b5%d1%81%d1%8c-%d0%b2-%d1%82%d0%b5%d0%bd%d0%bd%d0%b8%d1%81%d0%bd%d1%83%d1%8e-%d1%88%d0%ba%d0%be%d0%bb%d1%83\/","title":{"rendered":"\u0417\u0430\u043f\u0438\u0448\u0438\u0442\u0435\u0441\u044c \u0432 \u0442\u0435\u043d\u043d\u0438\u0441\u043d\u0443\u044e \u0448\u043a\u043e\u043b\u0443"},"content":{"rendered":"\t\t<div data-elementor-type=\"wp-page\" data-elementor-id=\"29311\" class=\"elementor elementor-29311 elementor-29241\">\n\t\t\t\t\t\t<section class=\"elementor-section elementor-top-section elementor-element elementor-element-34616a4 elementor-section-boxed elementor-section-height-default elementor-section-height-default sc_fly_static\" data-id=\"34616a4\" data-element_type=\"section\">\n\t\t\t\t\t\t<div class=\"elementor-container elementor-column-gap-extended\">\n\t\t\t\t\t<div class=\"elementor-column elementor-col-100 elementor-top-column elementor-element elementor-element-b9f5e75 sc_content_align_inherit sc_layouts_column_icons_position_left sc_fly_static\" data-id=\"b9f5e75\" data-element_type=\"column\">\n\t\t\t<div class=\"elementor-widget-wrap elementor-element-populated\">\n\t\t\t\t\t\t<div class=\"elementor-element elementor-element-f37f85c sc_fly_static elementor-widget elementor-widget-heading\" data-id=\"f37f85c\" data-element_type=\"widget\" data-widget_type=\"heading.default\">\n\t\t\t\t<div class=\"elementor-widget-container\">\n\t\t\t\t\t<h2 class=\"elementor-heading-title elementor-size-default\">\u0417\u0430\u043f\u0438\u0448\u0438\u0442\u0435\u0441\u044c \u0432 \u0442\u0435\u043d\u043d\u0438\u0441\u043d\u0443\u044e \u0448\u043a\u043e\u043b\u0443<\/h2>\t\t\t\t<\/div>\n\t\t\t\t<\/div>\n\t\t\t\t\t<\/div>\n\t\t<\/div>\n\t\t\t\t\t<\/div>\n\t\t<\/section>\n\t\t\t\t<section class=\"elementor-section elementor-top-section elementor-element elementor-element-dad59b0 elementor-section-boxed elementor-section-height-default elementor-section-height-default sc_fly_static\" data-id=\"dad59b0\" data-element_type=\"section\">\n\t\t\t\t\t\t<div class=\"elementor-container elementor-column-gap-extended\">\n\t\t\t\t\t<div class=\"elementor-column elementor-col-100 elementor-top-column elementor-element elementor-element-368823d sc_content_align_inherit sc_layouts_column_icons_position_left sc_fly_static\" data-id=\"368823d\" data-element_type=\"column\">\n\t\t\t<div class=\"elementor-widget-wrap elementor-element-populated\">\n\t\t\t\t\t\t<div class=\"elementor-element elementor-element-19834de elementor-tabs-view-horizontal sc_tabs_icon_position_left sc_fly_static elementor-widget elementor-widget-tabs\" data-id=\"19834de\" data-element_type=\"widget\" data-widget_type=\"tabs.default\">\n\t\t\t\t<div class=\"elementor-widget-container\">\n\t\t\t\t\t\t\t<div class=\"elementor-tabs\">\n\t\t\t<div class=\"elementor-tabs-wrapper\" role=\"tablist\" >\n\t\t\t\t\t\t\t\t\t<div id=\"elementor-tab-title-2671\" class=\"elementor-tab-title elementor-tab-desktop-title\" aria-selected=\"true\" data-tab=\"1\" role=\"tab\" tabindex=\"0\" aria-controls=\"elementor-tab-content-2671\" aria-expanded=\"false\">\u0423\u0447\u0430\u0449\u0438\u0439\u0441\u044f<\/div>\n\t\t\t\t\t\t\t\t\t<div id=\"elementor-tab-title-2672\" class=\"elementor-tab-title elementor-tab-desktop-title\" aria-selected=\"false\" data-tab=\"2\" role=\"tab\" tabindex=\"-1\" aria-controls=\"elementor-tab-content-2672\" aria-expanded=\"false\">\u0412\u0437\u0440\u043e\u0441\u043b\u044b\u0439<\/div>\n\t\t\t\t\t\t\t<\/div>\n\t\t\t<div class=\"elementor-tabs-content-wrapper\" role=\"tablist\" aria-orientation=\"vertical\">\n\t\t\t\t\t\t\t\t\t<div class=\"elementor-tab-title elementor-tab-mobile-title\" aria-selected=\"true\" data-tab=\"1\" role=\"tab\" tabindex=\"0\" aria-controls=\"elementor-tab-content-2671\" aria-expanded=\"false\">\u0423\u0447\u0430\u0449\u0438\u0439\u0441\u044f<\/div>\n\t\t\t\t\t<div id=\"elementor-tab-content-2671\" class=\"elementor-tab-content elementor-clearfix\" data-tab=\"1\" role=\"tabpanel\" aria-labelledby=\"elementor-tab-title-2671\" tabindex=\"0\" hidden=\"false\"><p>\n<div class=\"wpcf7 no-js\" id=\"wpcf7-f29305-o1\" lang=\"ru-RU\" dir=\"ltr\" data-wpcf7-id=\"29305\">\n<div class=\"screen-reader-response\"><p role=\"status\" aria-live=\"polite\" aria-atomic=\"true\"><\/p> <ul><\/ul><\/div>\n<form action=\"\/ru\/wp-json\/wp\/v2\/pages\/29311#wpcf7-f29305-o1\" method=\"post\" class=\"wpcf7-form init\" aria-label=\"\u041a\u043e\u043d\u0442\u0430\u043a\u0442\u043d\u0430\u044f \u0444\u043e\u0440\u043c\u0430\" novalidate=\"novalidate\" data-status=\"init\">\n<div style=\"display: none;\">\n<input type=\"hidden\" name=\"_wpcf7\" value=\"29305\" \/>\n<input type=\"hidden\" name=\"_wpcf7_version\" value=\"6.0.6\" \/>\n<input type=\"hidden\" name=\"_wpcf7_locale\" value=\"ru_RU\" \/>\n<input type=\"hidden\" name=\"_wpcf7_unit_tag\" value=\"wpcf7-f29305-o1\" \/>\n<input type=\"hidden\" name=\"_wpcf7_container_post\" value=\"0\" \/>\n<input type=\"hidden\" name=\"_wpcf7_posted_data_hash\" value=\"\" \/>\n<\/div>\n<div class=\"form-style-4\">\n\t<p style=\"margin-bottom:20px;\">\u0414\u043b\u044f \u0442\u043e\u0433\u043e \u0447\u0442\u043e\u0431\u044b \u0437\u0430\u0440\u0435\u0433\u0438\u0441\u0442\u0440\u0438\u0440\u043e\u0432\u0430\u0442\u044c\u0441\u044f \u043d\u0430 \u0442\u0440\u0435\u043d\u0438\u0440\u043e\u0432\u043a\u0443, \u0412\u0430\u043c \u043d\u0435\u043e\u0431\u0445\u043e\u0434\u0438\u043c\u043e \u0432\u0441\u0442\u0443\u043f\u0438\u0442\u044c \u0432 \u0422\u0435\u043d\u043d\u0438\u0441\u043d\u0443\u044e \u0448\u043a\u043e\u043b\u0443 Tallink.<br \/>\n\u0427\u0442\u043e\u0431\u044b \u043f\u0440\u0438\u0441\u043e\u0435\u0434\u0438\u043d\u0438\u0442\u044c\u0441\u044f \u043a \u0428\u043a\u043e\u043b\u0435 \u0442\u0435\u043d\u043d\u0438\u0441\u0430, \u043f\u043e\u0436\u0430\u043b\u0443\u0439\u0441\u0442\u0430, \u0437\u0430\u043f\u043e\u043b\u043d\u0438\u0442\u0435 \u043f\u043e\u043b\u044f \u043d\u0438\u0436\u0435.\n\t<\/p>\n\t<div class=\"columns_wrap\">\n\t\t<div class=\"column-1_2\">\n\t\t\t<h4>\u0414\u0410\u041d\u041d\u042b\u0415 \u041e \u0414\u0415\u0422\u042f\u0425\n\t\t\t<\/h4>\n\t\t\t<p><span class=\"style-icon icon-name\" style=\"margin-bottom:10px;\"><span class=\"wpcf7-form-control-wrap\" data-name=\"student-fullname\"><input size=\"40\" maxlength=\"400\" class=\"wpcf7-form-control wpcf7-text wpcf7-validates-as-required\" aria-required=\"true\" aria-invalid=\"false\" placeholder=\"\u0418\u043c\u044f \u0438 \u0444\u0430\u043c\u0438\u043b\u0438\u044f\" value=\"\" type=\"text\" name=\"student-fullname\" \/><\/span><\/span>\n\t\t\t<\/p>\n\t\t\t<p><span class=\"style-icon icon-vcard\" style=\"margin-bottom:10px;\"><span class=\"wpcf7-form-control-wrap\" data-name=\"isikukood\"><input size=\"40\" maxlength=\"400\" class=\"wpcf7-form-control wpcf7-text wpcf7-validates-as-required\" aria-required=\"true\" aria-invalid=\"false\" placeholder=\"\u0418\u0434\u0435\u043d\u0442\u0438\u0444\u0438\u043a\u0430\u0446\u0438\u043e\u043d\u043d\u044b\u0439 \u043a\u043e\u0434\" value=\"\" type=\"text\" name=\"isikukood\" \/><\/span><\/span>\n\t\t\t<\/p>\n\t\t\t<p><span class=\"style-icon icon-address\" style=\"margin-bottom:10px;\"><span class=\"wpcf7-form-control-wrap\" data-name=\"student-address\"><input size=\"40\" maxlength=\"400\" class=\"wpcf7-form-control wpcf7-text wpcf7-validates-as-required\" aria-required=\"true\" aria-invalid=\"false\" placeholder=\"\u0410\u0434\u0440\u0435\u0441 \u0437\u0430\u0440\u0435\u0433\u0438\u0441\u0442\u0440\u0438\u0440\u043e\u0432\u0430\u043d\u043d\u043e\u0433\u043e \u043c\u0435\u0441\u0442\u0430 \u0436\u0438\u0442\u0435\u043b\u044c\u0441\u0442\u0432\u0430\" value=\"\" type=\"text\" name=\"student-address\" \/><\/span><\/span>\n\t\t\t<\/p>\n\t\t\t<p><span class=\"style-icon icon-phone\" style=\"margin-bottom:10px;\"><span class=\"wpcf7-form-control-wrap\" data-name=\"student-tel\"><input size=\"40\" maxlength=\"400\" class=\"wpcf7-form-control wpcf7-tel wpcf7-validates-as-required wpcf7-text wpcf7-validates-as-tel\" aria-required=\"true\" aria-invalid=\"false\" placeholder=\"\u0422\u0435\u043b\u0435\u0444\u043e\u043d \u0441\u0442\u0443\u0434\u0435\u043d\u0442\u0430\" value=\"\" type=\"tel\" name=\"student-tel\" \/><\/span><\/span>\n\t\t\t<\/p>\n\t\t\t<p><span class=\"style-icon icon-email\" style=\"margin-bottom:10px;\"><span class=\"wpcf7-form-control-wrap\" data-name=\"student-mail\"><input size=\"40\" maxlength=\"400\" class=\"wpcf7-form-control wpcf7-email wpcf7-validates-as-required wpcf7-text wpcf7-validates-as-email\" aria-required=\"true\" aria-invalid=\"false\" placeholder=\"\u042d\u043b\u0435\u043a\u0442\u0440\u043e\u043d\u043d\u0430\u044f \u043f\u043e\u0447\u0442\u0430 \u0441\u0442\u0443\u0434\u0435\u043d\u0442\u0430\" value=\"\" type=\"email\" name=\"student-mail\" \/><\/span><\/span>\n\t\t\t<\/p>\n\t\t<\/div>\n\t\t<div class=\"column-1_2\">\n\t\t\t<h4>\u0414\u0410\u041d\u041d\u042b\u0415 \u0420\u041e\u0414\u0418\u0422\u0415\u041b\u042f\/\u041f\u0420\u0415\u0414\u0421\u0422\u0410\u0412\u0418\u0422\u0415\u041b\u042f\n\t\t\t<\/h4>\n\t\t\t<p><span class=\"style-icon icon-name\" style=\"margin-bottom:10px;\"><span class=\"wpcf7-form-control-wrap\" data-name=\"parent-fullname\"><input size=\"40\" maxlength=\"400\" class=\"wpcf7-form-control wpcf7-text wpcf7-validates-as-required\" aria-required=\"true\" aria-invalid=\"false\" placeholder=\"\u0418\u043c\u044f \u0438 \u0444\u0430\u043c\u0438\u043b\u0438\u044f\" value=\"\" type=\"text\" name=\"parent-fullname\" \/><\/span><\/span>\n\t\t\t<\/p>\n\t\t\t<p><span class=\"style-icon icon-phone\" style=\"margin-bottom:10px;\"><span class=\"wpcf7-form-control-wrap\" data-name=\"sparent-tel\"><input size=\"40\" maxlength=\"400\" class=\"wpcf7-form-control wpcf7-tel wpcf7-validates-as-required wpcf7-text wpcf7-validates-as-tel\" aria-required=\"true\" aria-invalid=\"false\" placeholder=\"\u0422\u0435\u043b\u0435\u0444\u043e\u043d\" value=\"\" type=\"tel\" name=\"sparent-tel\" \/><\/span><\/span>\n\t\t\t<\/p>\n\t\t\t<p><span class=\"style-icon icon-email\" style=\"margin-bottom:10px;\"><span class=\"wpcf7-form-control-wrap\" data-name=\"parent-mail\"><input size=\"40\" maxlength=\"400\" class=\"wpcf7-form-control wpcf7-email wpcf7-validates-as-required wpcf7-text wpcf7-validates-as-email\" aria-required=\"true\" aria-invalid=\"false\" placeholder=\"E-mail\" value=\"\" type=\"email\" name=\"parent-mail\" \/><\/span><\/span>\n\t\t\t<\/p>\n\t\t<\/div>\n\t\t<div class=\"column-1_2\">\n\t\t\t<h4>\u041f\u041b\u0410\u0422\u0415\u041b\u042c\u0429\u0418\u041a \u041f\u041b\u0410\u0422\u042b \u0417\u0410 \u041e\u0411\u0423\u0427\u0415\u041d\u0418\u0415\n\t\t\t<\/h4>\n\t\t\t<p><span class=\"style-icon icon-name\" style=\"margin-bottom:10px;\"><span class=\"wpcf7-form-control-wrap\" data-name=\"payer-fullname\"><input size=\"40\" maxlength=\"400\" class=\"wpcf7-form-control wpcf7-text wpcf7-validates-as-required\" aria-required=\"true\" aria-invalid=\"false\" placeholder=\"\u0418\u043c\u044f \u0438 \u0444\u0430\u043c\u0438\u043b\u0438\u044f\" value=\"\" type=\"text\" name=\"payer-fullname\" \/><\/span><\/span>\n\t\t\t<\/p>\n\t\t\t<p><span class=\"style-icon icon-vcard\" style=\"margin-bottom:10px;\"><span class=\"wpcf7-form-control-wrap\" data-name=\"payer-isikukood\"><input size=\"40\" maxlength=\"400\" class=\"wpcf7-form-control wpcf7-text wpcf7-validates-as-required\" aria-required=\"true\" aria-invalid=\"false\" placeholder=\"\u0418\u0434\u0435\u043d\u0442\u0438\u0444\u0438\u043a\u0430\u0446\u0438\u043e\u043d\u043d\u044b\u0439 \u043a\u043e\u0434\" value=\"\" type=\"text\" name=\"payer-isikukood\" \/><\/span><\/span>\n\t\t\t<\/p>\n\t\t<\/div>\n\t\t<div class=\"column-1_2\">\n\t\t\t<h4>\u00a0\n\t\t\t<\/h4>\n\t\t\t<p><span class=\"wpcf7-form-control-wrap\" data-name=\"rprices\"><span class=\"wpcf7-form-control wpcf7-acceptance\"><span class=\"wpcf7-list-item\"><label><input type=\"checkbox\" name=\"rprices\" value=\"1\" aria-invalid=\"false\" \/><span class=\"wpcf7-list-item-label\">\u042f \u043e\u0437\u043d\u0430\u043a\u043e\u043c\u0438\u043b\u0441\u044f \u0441 <a href=\"https:\/\/tallinktennisekeskus.ee\/ru\/%d1%82%d0%b5%d0%bd%d0%bd%d0%b8%d1%81%d0%bd%d0%b0%d1%8f-%d1%88%d0%ba%d0%be%d0%bb%d0%b0\/\" target=\"_blank\">\u043f\u0440\u0430\u0439\u0441-\u043b\u0438\u0441\u0442\u043e\u043c<\/a> \u0422\u0435\u043d\u043d\u0438\u0441\u043d\u043e\u0439 \u0448\u043a\u043e\u043b\u044b Tallink.<\/span><\/label><\/span><\/span><\/span>\n\t\t\t<\/p>\n\t\t\t<p><span class=\"wpcf7-form-control-wrap\" data-name=\"rrules\"><span class=\"wpcf7-form-control wpcf7-acceptance\"><span class=\"wpcf7-list-item\"><label><input type=\"checkbox\" name=\"rrules\" value=\"1\" aria-invalid=\"false\" \/><span class=\"wpcf7-list-item-label\">\u042f \u043e\u0437\u043d\u0430\u043a\u043e\u043c\u0438\u043b\u0441\u044f \u0441 <a href=\"https:\/\/tallinktennisekeskus.ee\/ru\/%d0%bf%d1%80%d0%b0%d0%b2%d0%b8%d0%bb%d0%b0-%d0%b8-%d1%83%d1%81%d0%bb%d0%be%d0%b2%d0%b8%d1%8f\/%d0%bf%d1%80%d0%b0%d0%b2%d0%b8%d0%bb%d0%b0-%d0%b4%d0%be%d0%b1%d1%80%d0%be%d1%81%d0%be%d0%b2%d0%b5%d1%81%d1%82%d0%bd%d0%be%d0%b9-%d0%bf%d1%80%d0%b0%d0%ba%d1%82%d0%b8%d0%ba%d0%b8\/\" target=\"_blank\">\u041f\u0440\u0430\u0432\u0438\u043b\u0430\u043c\u0438 \u043d\u0430\u0434\u043b\u0435\u0436\u0430\u0449\u0435\u0439 \u043f\u0440\u0430\u043a\u0442\u0438\u043a\u0438<\/a> \u0422\u0435\u043d\u043d\u0438\u0441\u043d\u043e\u0433\u043e \u0446\u0435\u043d\u0442\u0440\u0430 Tallink \u0438 <a href=\"https:\/\/tallinktennisekeskus.ee\/ru\/%d0%bf%d1%80%d0%b0%d0%b2%d0%b8%d0%bb%d0%b0-%d0%b8-%d1%83%d1%81%d0%bb%d0%be%d0%b2%d0%b8%d1%8f\/%d0%be%d0%b1%d1%89%d0%b8%d0%b5-%d0%bf%d0%be%d0%bb%d0%be%d0%b6%d0%b5%d0%bd%d0%b8%d1%8f-%d1%82%d0%b5%d0%bd%d0%bd%d0%b8%d1%81%d0%bd%d0%be%d0%b9-%d1%88%d0%ba%d0%be%d0%bb%d1%8b-tallink\/\" target=\"_blank\">\u041e\u0431\u0449\u0438\u043c\u0438 \u043f\u0440\u0430\u0432\u0438\u043b\u0430\u043c\u0438 \u0438 \u0443\u0441\u043b\u043e\u0432\u0438\u044f\u043c\u0438 \u0448\u043a\u043e\u043b\u044b \u0442\u0435\u043d\u043d\u0438\u0441\u0430 Tallink.<\/a><\/span><\/label><\/span><\/span><\/span>\n\t\t\t<\/p>\n\t\t\t<div>\n\t\t\t<\/div>\n\t\t<\/div>\n\t\t<p><input class=\"wpcf7-form-control wpcf7-submit has-spinner\" type=\"submit\" value=\"\u041e\u0442\u043f\u0440\u0430\u0432\u044c\u0442\u0435 \u043f\u0438\u0441\u044c\u043c\u043e\" \/>\n\t\t<\/p>\n\t<\/div>\n<\/div><div class=\"wpcf7-response-output\" aria-hidden=\"true\"><\/div>\n<\/form>\n<\/div>\n<\/p>\n<\/div>\n\t\t\t\t\t\t\t\t\t<div class=\"elementor-tab-title elementor-tab-mobile-title\" aria-selected=\"false\" data-tab=\"2\" role=\"tab\" tabindex=\"-1\" aria-controls=\"elementor-tab-content-2672\" aria-expanded=\"false\">\u0412\u0437\u0440\u043e\u0441\u043b\u044b\u0439<\/div>\n\t\t\t\t\t<div id=\"elementor-tab-content-2672\" class=\"elementor-tab-content elementor-clearfix\" data-tab=\"2\" role=\"tabpanel\" aria-labelledby=\"elementor-tab-title-2672\" tabindex=\"0\" hidden=\"hidden\"><p>\n<div class=\"wpcf7 no-js\" id=\"wpcf7-f29340-o2\" lang=\"ru-RU\" dir=\"ltr\" data-wpcf7-id=\"29340\">\n<div class=\"screen-reader-response\"><p role=\"status\" aria-live=\"polite\" aria-atomic=\"true\"><\/p> <ul><\/ul><\/div>\n<form action=\"\/ru\/wp-json\/wp\/v2\/pages\/29311#wpcf7-f29340-o2\" method=\"post\" class=\"wpcf7-form init\" aria-label=\"\u041a\u043e\u043d\u0442\u0430\u043a\u0442\u043d\u0430\u044f \u0444\u043e\u0440\u043c\u0430\" novalidate=\"novalidate\" data-status=\"init\">\n<div style=\"display: none;\">\n<input type=\"hidden\" name=\"_wpcf7\" value=\"29340\" \/>\n<input type=\"hidden\" name=\"_wpcf7_version\" value=\"6.0.6\" \/>\n<input type=\"hidden\" name=\"_wpcf7_locale\" value=\"ru_RU\" \/>\n<input type=\"hidden\" name=\"_wpcf7_unit_tag\" value=\"wpcf7-f29340-o2\" \/>\n<input type=\"hidden\" name=\"_wpcf7_container_post\" value=\"0\" \/>\n<input type=\"hidden\" name=\"_wpcf7_posted_data_hash\" value=\"\" \/>\n<\/div>\n<div class=\"form-style-4\">\n\t<p style=\"margin-bottom:20px;\">\u0414\u043b\u044f \u0442\u043e\u0433\u043e \u0447\u0442\u043e\u0431\u044b \u0437\u0430\u0440\u0435\u0433\u0438\u0441\u0442\u0440\u0438\u0440\u043e\u0432\u0430\u0442\u044c\u0441\u044f \u043d\u0430 \u0442\u0440\u0435\u043d\u0438\u0440\u043e\u0432\u043a\u0443, \u0412\u0430\u043c \u043d\u0435\u043e\u0431\u0445\u043e\u0434\u0438\u043c\u043e \u0432\u0441\u0442\u0443\u043f\u0438\u0442\u044c \u0432 \u0422\u0435\u043d\u043d\u0438\u0441\u043d\u0443\u044e \u0448\u043a\u043e\u043b\u0443 Tallink.<br \/>\n\u0427\u0442\u043e\u0431\u044b \u043f\u0440\u0438\u0441\u043e\u0435\u0434\u0438\u043d\u0438\u0442\u044c\u0441\u044f \u043a \u0428\u043a\u043e\u043b\u0435 \u0442\u0435\u043d\u043d\u0438\u0441\u0430, \u043f\u043e\u0436\u0430\u043b\u0443\u0439\u0441\u0442\u0430, \u0437\u0430\u043f\u043e\u043b\u043d\u0438\u0442\u0435 \u043f\u043e\u043b\u044f \u043d\u0438\u0436\u0435.\n\t<\/p>\n\t<div class=\"columns_wrap\">\n\t\t<div class=\"column-1_2\">\n\t\t\t<h4>\u0414\u0430\u043d\u043d\u044b\u0435 \u043a\u043b\u0438\u0435\u043d\u0442\u0430\n\t\t\t<\/h4>\n\t\t\t<p><span class=\"style-icon icon-name\" style=\"margin-bottom:10px;\"><span class=\"wpcf7-form-control-wrap\" data-name=\"student-fullname\"><input size=\"40\" maxlength=\"400\" class=\"wpcf7-form-control wpcf7-text wpcf7-validates-as-required\" aria-required=\"true\" aria-invalid=\"false\" placeholder=\"\u0418\u043c\u044f \u0438 \u0444\u0430\u043c\u0438\u043b\u0438\u044f\" value=\"\" type=\"text\" name=\"student-fullname\" \/><\/span><\/span>\n\t\t\t<\/p>\n\t\t\t<p><span class=\"style-icon icon-vcard\" style=\"margin-bottom:10px;\"><span class=\"wpcf7-form-control-wrap\" data-name=\"isikukood\"><input size=\"40\" maxlength=\"400\" class=\"wpcf7-form-control wpcf7-text wpcf7-validates-as-required\" aria-required=\"true\" aria-invalid=\"false\" placeholder=\"\u0418\u0434\u0435\u043d\u0442\u0438\u0444\u0438\u043a\u0430\u0446\u0438\u043e\u043d\u043d\u044b\u0439 \u043a\u043e\u0434\" value=\"\" type=\"text\" name=\"isikukood\" \/><\/span><\/span>\n\t\t\t<\/p>\n\t\t\t<p><span class=\"style-icon icon-address\" style=\"margin-bottom:10px;\"><span class=\"wpcf7-form-control-wrap\" data-name=\"student-address\"><input size=\"40\" maxlength=\"400\" class=\"wpcf7-form-control wpcf7-text wpcf7-validates-as-required\" aria-required=\"true\" aria-invalid=\"false\" placeholder=\"\u0410\u0434\u0440\u0435\u0441 \u0437\u0430\u0440\u0435\u0433\u0438\u0441\u0442\u0440\u0438\u0440\u043e\u0432\u0430\u043d\u043d\u043e\u0433\u043e \u043c\u0435\u0441\u0442\u0430 \u0436\u0438\u0442\u0435\u043b\u044c\u0441\u0442\u0432\u0430\" value=\"\" type=\"text\" name=\"student-address\" \/><\/span><\/span>\n\t\t\t<\/p>\n\t\t\t<p><span class=\"style-icon icon-phone\" style=\"margin-bottom:10px;\"><span class=\"wpcf7-form-control-wrap\" data-name=\"student-tel\"><input size=\"40\" maxlength=\"400\" class=\"wpcf7-form-control wpcf7-tel wpcf7-validates-as-required wpcf7-text wpcf7-validates-as-tel\" aria-required=\"true\" aria-invalid=\"false\" placeholder=\"\u0422\u0435\u043b\u0435\u0444\u043e\u043d\" value=\"\" type=\"tel\" name=\"student-tel\" \/><\/span><\/span>\n\t\t\t<\/p>\n\t\t\t<p><span class=\"style-icon icon-email\" style=\"margin-bottom:10px;\"><span class=\"wpcf7-form-control-wrap\" data-name=\"student-mail\"><input size=\"40\" maxlength=\"400\" class=\"wpcf7-form-control wpcf7-email wpcf7-validates-as-required wpcf7-text wpcf7-validates-as-email\" aria-required=\"true\" aria-invalid=\"false\" placeholder=\"E-mail\" value=\"\" type=\"email\" name=\"student-mail\" \/><\/span><\/span>\n\t\t\t<\/p>\n\t\t<\/div>\n\t\t<div class=\"column-1_2\">\n\t\t\t<h4>\u00a0\n\t\t\t<\/h4>\n\t\t\t<p><span class=\"wpcf7-form-control-wrap\" data-name=\"rprices\"><span class=\"wpcf7-form-control wpcf7-acceptance\"><span class=\"wpcf7-list-item\"><label><input type=\"checkbox\" name=\"rprices\" value=\"1\" aria-invalid=\"false\" \/><span class=\"wpcf7-list-item-label\">\u042f \u043e\u0437\u043d\u0430\u043a\u043e\u043c\u0438\u043b\u0441\u044f \u0441 <a href=\"https:\/\/tallinktennisekeskus.ee\/ru\/%d1%82%d0%b5%d0%bd%d0%bd%d0%b8%d1%81%d0%bd%d0%b0%d1%8f-%d1%88%d0%ba%d0%be%d0%bb%d0%b0\/\" target=\"_blank\">\u043f\u0440\u0430\u0439\u0441-\u043b\u0438\u0441\u0442\u043e\u043c<\/a> \u0422\u0435\u043d\u043d\u0438\u0441\u043d\u043e\u0439 \u0448\u043a\u043e\u043b\u044b Tallink.<\/span><\/label><\/span><\/span><\/span>\n\t\t\t<\/p>\n\t\t\t<p><span class=\"wpcf7-form-control-wrap\" data-name=\"rrules\"><span class=\"wpcf7-form-control wpcf7-acceptance\"><span class=\"wpcf7-list-item\"><label><input type=\"checkbox\" name=\"rrules\" value=\"1\" aria-invalid=\"false\" \/><span class=\"wpcf7-list-item-label\">\u042f \u043e\u0437\u043d\u0430\u043a\u043e\u043c\u0438\u043b\u0441\u044f \u0441 <a href=\"https:\/\/tallinktennisekeskus.ee\/ru\/%d0%bf%d1%80%d0%b0%d0%b2%d0%b8%d0%bb%d0%b0-%d0%b8-%d1%83%d1%81%d0%bb%d0%be%d0%b2%d0%b8%d1%8f\/%d0%bf%d1%80%d0%b0%d0%b2%d0%b8%d0%bb%d0%b0-%d0%b4%d0%be%d0%b1%d1%80%d0%be%d1%81%d0%be%d0%b2%d0%b5%d1%81%d1%82%d0%bd%d0%be%d0%b9-%d0%bf%d1%80%d0%b0%d0%ba%d1%82%d0%b8%d0%ba%d0%b8\/\" target=\"_blank\">\u041f\u0440\u0430\u0432\u0438\u043b\u0430\u043c\u0438 \u043d\u0430\u0434\u043b\u0435\u0436\u0430\u0449\u0435\u0439 \u043f\u0440\u0430\u043a\u0442\u0438\u043a\u0438<\/a> \u0422\u0435\u043d\u043d\u0438\u0441\u043d\u043e\u0433\u043e \u0446\u0435\u043d\u0442\u0440\u0430 Tallink \u0438 <a href=\"https:\/\/tallinktennisekeskus.ee\/ru\/%d0%bf%d1%80%d0%b0%d0%b2%d0%b8%d0%bb%d0%b0-%d0%b8-%d1%83%d1%81%d0%bb%d0%be%d0%b2%d0%b8%d1%8f\/%d0%be%d0%b1%d1%89%d0%b8%d0%b5-%d0%bf%d0%be%d0%bb%d0%be%d0%b6%d0%b5%d0%bd%d0%b8%d1%8f-%d1%82%d0%b5%d0%bd%d0%bd%d0%b8%d1%81%d0%bd%d0%be%d0%b9-%d1%88%d0%ba%d0%be%d0%bb%d1%8b-tallink\/\" target=\"_blank\">\u041e\u0431\u0449\u0438\u043c\u0438 \u043f\u0440\u0430\u0432\u0438\u043b\u0430\u043c\u0438 \u0438 \u0443\u0441\u043b\u043e\u0432\u0438\u044f\u043c\u0438 \u0448\u043a\u043e\u043b\u044b \u0442\u0435\u043d\u043d\u0438\u0441\u0430 Tallink.<\/a><\/span><\/label><\/span><\/span><\/span>\n\t\t\t<\/p>\n\t\t\t<div>\n\t\t\t<\/div>\n\t\t<\/div>\n\t\t<p><input class=\"wpcf7-form-control wpcf7-submit has-spinner\" type=\"submit\" value=\"\u041e\u0442\u043f\u0440\u0430\u0432\u044c\u0442\u0435 \u043f\u0438\u0441\u044c\u043c\u043e\" \/>\n\t\t<\/p>\n\t<\/div>\n<\/div><div class=\"wpcf7-response-output\" aria-hidden=\"true\"><\/div>\n<\/form>\n<\/div>\n<\/p>\n<\/div>\n\t\t\t\t\t\t\t<\/div>\n\t\t<\/div>\n\t\t\t\t\t\t<\/div>\n\t\t\t\t<\/div>\n\t\t\t\t\t<\/div>\n\t\t<\/div>\n\t\t\t\t\t<\/div>\n\t\t<\/section>\n\t\t\t\t<\/div>\n\t\t","protected":false},"excerpt":{"rendered":"<p>\u0417\u0430\u043f\u0438\u0448\u0438\u0442\u0435\u0441\u044c \u0432 \u0442\u0435\u043d\u043d\u0438\u0441\u043d\u0443\u044e \u0448\u043a\u043e\u043b\u0443 \u0423\u0447\u0430\u0449\u0438\u0439\u0441\u044f \u0412\u0437\u0440\u043e\u0441\u043b\u044b\u0439 \u0423\u0447\u0430\u0449\u0438\u0439\u0441\u044f Treeningutele registreerimiseks tuleb Teil liituda Tallink Tennisekooliga. Tennisekooliga liitumiseks palun t\u00e4itke allolevad v\u00e4ljad. \u00d5PILASE ANDMED LAPSEVANEMA \/ ESINDAJA ANDMED \u00d5PPEMAKSU TASUJA &nbsp; Olen&hellip;<\/p>\n","protected":false},"author":1,"featured_media":0,"parent":0,"menu_order":0,"comment_status":"closed","ping_status":"closed","template":"","meta":{"footnotes":""},"class_list":["post-29311","page","type-page","status-publish","hentry"],"_links":{"self":[{"href":"https:\/\/tallinktennisekeskus.ee\/ru\/wp-json\/wp\/v2\/pages\/29311","targetHints":{"allow":["GET"]}}],"collection":[{"href":"https:\/\/tallinktennisekeskus.ee\/ru\/wp-json\/wp\/v2\/pages"}],"about":[{"href":"https:\/\/tallinktennisekeskus.ee\/ru\/wp-json\/wp\/v2\/types\/page"}],"author":[{"embeddable":true,"href":"https:\/\/tallinktennisekeskus.ee\/ru\/wp-json\/wp\/v2\/users\/1"}],"replies":[{"embeddable":true,"href":"https:\/\/tallinktennisekeskus.ee\/ru\/wp-json\/wp\/v2\/comments?post=29311"}],"version-history":[{"count":8,"href":"https:\/\/tallinktennisekeskus.ee\/ru\/wp-json\/wp\/v2\/pages\/29311\/revisions"}],"predecessor-version":[{"id":30637,"href":"https:\/\/tallinktennisekeskus.ee\/ru\/wp-json\/wp\/v2\/pages\/29311\/revisions\/30637"}],"wp:attachment":[{"href":"https:\/\/tallinktennisekeskus.ee\/ru\/wp-json\/wp\/v2\/media?parent=29311"}],"curies":[{"name":"wp","href":"https:\/\/api.w.org\/{rel}","templated":true}]}}