{"id":29309,"date":"2024-09-26T11:36:59","date_gmt":"2024-09-26T11:36:59","guid":{"rendered":"https:\/\/tallinktennisekeskus.ee\/join-a-tennis-school\/"},"modified":"2024-09-26T13:41:13","modified_gmt":"2024-09-26T13:41:13","slug":"join-a-tennis-school","status":"publish","type":"page","link":"https:\/\/tallinktennisekeskus.ee\/en\/join-a-tennis-school\/","title":{"rendered":"Join a tennis school"},"content":{"rendered":"\t\t<div data-elementor-type=\"wp-page\" data-elementor-id=\"29309\" class=\"elementor elementor-29309 elementor-29241\">\n\t\t\t\t\t\t<section class=\"elementor-section elementor-top-section elementor-element elementor-element-34616a4 elementor-section-boxed elementor-section-height-default elementor-section-height-default sc_fly_static\" data-id=\"34616a4\" data-element_type=\"section\">\n\t\t\t\t\t\t<div class=\"elementor-container elementor-column-gap-extended\">\n\t\t\t\t\t<div class=\"elementor-column elementor-col-100 elementor-top-column elementor-element elementor-element-b9f5e75 sc_content_align_inherit sc_layouts_column_icons_position_left sc_fly_static\" data-id=\"b9f5e75\" data-element_type=\"column\">\n\t\t\t<div class=\"elementor-widget-wrap elementor-element-populated\">\n\t\t\t\t\t\t<div class=\"elementor-element elementor-element-f37f85c sc_fly_static elementor-widget elementor-widget-heading\" data-id=\"f37f85c\" data-element_type=\"widget\" data-widget_type=\"heading.default\">\n\t\t\t\t<div class=\"elementor-widget-container\">\n\t\t\t\t\t<h2 class=\"elementor-heading-title elementor-size-default\">Join a tennis school<\/h2>\t\t\t\t<\/div>\n\t\t\t\t<\/div>\n\t\t\t\t\t<\/div>\n\t\t<\/div>\n\t\t\t\t\t<\/div>\n\t\t<\/section>\n\t\t\t\t<section class=\"elementor-section elementor-top-section elementor-element elementor-element-dad59b0 elementor-section-boxed elementor-section-height-default elementor-section-height-default sc_fly_static\" data-id=\"dad59b0\" data-element_type=\"section\">\n\t\t\t\t\t\t<div class=\"elementor-container elementor-column-gap-extended\">\n\t\t\t\t\t<div class=\"elementor-column elementor-col-100 elementor-top-column elementor-element elementor-element-368823d sc_content_align_inherit sc_layouts_column_icons_position_left sc_fly_static\" data-id=\"368823d\" data-element_type=\"column\">\n\t\t\t<div class=\"elementor-widget-wrap elementor-element-populated\">\n\t\t\t\t\t\t<div class=\"elementor-element elementor-element-19834de elementor-tabs-view-horizontal sc_tabs_icon_position_left sc_fly_static elementor-widget elementor-widget-tabs\" data-id=\"19834de\" data-element_type=\"widget\" data-widget_type=\"tabs.default\">\n\t\t\t\t<div class=\"elementor-widget-container\">\n\t\t\t\t\t\t\t<div class=\"elementor-tabs\">\n\t\t\t<div class=\"elementor-tabs-wrapper\" role=\"tablist\" >\n\t\t\t\t\t\t\t\t\t<div id=\"elementor-tab-title-2671\" class=\"elementor-tab-title elementor-tab-desktop-title\" aria-selected=\"true\" data-tab=\"1\" role=\"tab\" tabindex=\"0\" aria-controls=\"elementor-tab-content-2671\" aria-expanded=\"false\">Student<\/div>\n\t\t\t\t\t\t\t\t\t<div id=\"elementor-tab-title-2672\" class=\"elementor-tab-title elementor-tab-desktop-title\" aria-selected=\"false\" data-tab=\"2\" role=\"tab\" tabindex=\"-1\" aria-controls=\"elementor-tab-content-2672\" aria-expanded=\"false\">Adult<\/div>\n\t\t\t\t\t\t\t<\/div>\n\t\t\t<div class=\"elementor-tabs-content-wrapper\" role=\"tablist\" aria-orientation=\"vertical\">\n\t\t\t\t\t\t\t\t\t<div class=\"elementor-tab-title elementor-tab-mobile-title\" aria-selected=\"true\" data-tab=\"1\" role=\"tab\" tabindex=\"0\" aria-controls=\"elementor-tab-content-2671\" aria-expanded=\"false\">Student<\/div>\n\t\t\t\t\t<div id=\"elementor-tab-content-2671\" class=\"elementor-tab-content elementor-clearfix\" data-tab=\"1\" role=\"tabpanel\" aria-labelledby=\"elementor-tab-title-2671\" tabindex=\"0\" hidden=\"false\"><p>\n<div class=\"wpcf7 no-js\" id=\"wpcf7-f29304-o1\" lang=\"en-US\" dir=\"ltr\" data-wpcf7-id=\"29304\">\n<div class=\"screen-reader-response\"><p role=\"status\" aria-live=\"polite\" aria-atomic=\"true\"><\/p> <ul><\/ul><\/div>\n<form action=\"\/en\/wp-json\/wp\/v2\/pages\/29309#wpcf7-f29304-o1\" method=\"post\" class=\"wpcf7-form init\" aria-label=\"Contact form\" novalidate=\"novalidate\" data-status=\"init\">\n<div style=\"display: none;\">\n<input type=\"hidden\" name=\"_wpcf7\" value=\"29304\" \/>\n<input type=\"hidden\" name=\"_wpcf7_version\" value=\"6.0.6\" \/>\n<input type=\"hidden\" name=\"_wpcf7_locale\" value=\"en_US\" \/>\n<input type=\"hidden\" name=\"_wpcf7_unit_tag\" value=\"wpcf7-f29304-o1\" \/>\n<input type=\"hidden\" name=\"_wpcf7_container_post\" value=\"0\" \/>\n<input type=\"hidden\" name=\"_wpcf7_posted_data_hash\" value=\"\" \/>\n<\/div>\n<div class=\"form-style-4\">\n\t<p style=\"margin-bottom:20px;\">In order to register for the training sessions you need to join Tallink Tennis School.<br \/>\nTo join the Tennis School, please fill in the fields below.\n\t<\/p>\n\t<div class=\"columns_wrap\">\n\t\t<div class=\"column-1_2\">\n\t\t\t<h4>PUPIL DATA\n\t\t\t<\/h4>\n\t\t\t<p><span class=\"style-icon icon-name\" style=\"margin-bottom:10px;\"><span class=\"wpcf7-form-control-wrap\" data-name=\"student-fullname\"><input size=\"40\" maxlength=\"400\" class=\"wpcf7-form-control wpcf7-text wpcf7-validates-as-required\" aria-required=\"true\" aria-invalid=\"false\" placeholder=\"First name and surname\" value=\"\" type=\"text\" name=\"student-fullname\" \/><\/span><\/span>\n\t\t\t<\/p>\n\t\t\t<p><span class=\"style-icon icon-vcard\" style=\"margin-bottom:10px;\"><span class=\"wpcf7-form-control-wrap\" data-name=\"isikukood\"><input size=\"40\" maxlength=\"400\" class=\"wpcf7-form-control wpcf7-text wpcf7-validates-as-required\" aria-required=\"true\" aria-invalid=\"false\" placeholder=\"Identity code\" value=\"\" type=\"text\" name=\"isikukood\" \/><\/span><\/span>\n\t\t\t<\/p>\n\t\t\t<p><span class=\"style-icon icon-address\" style=\"margin-bottom:10px;\"><span class=\"wpcf7-form-control-wrap\" data-name=\"student-address\"><input size=\"40\" maxlength=\"400\" class=\"wpcf7-form-control wpcf7-text wpcf7-validates-as-required\" aria-required=\"true\" aria-invalid=\"false\" placeholder=\"Address of registered residence\" value=\"\" type=\"text\" name=\"student-address\" \/><\/span><\/span>\n\t\t\t<\/p>\n\t\t\t<p><span class=\"style-icon icon-phone\" style=\"margin-bottom:10px;\"><span class=\"wpcf7-form-control-wrap\" data-name=\"student-tel\"><input size=\"40\" maxlength=\"400\" class=\"wpcf7-form-control wpcf7-tel wpcf7-validates-as-required wpcf7-text wpcf7-validates-as-tel\" aria-required=\"true\" aria-invalid=\"false\" placeholder=\"Student phone\" value=\"\" type=\"tel\" name=\"student-tel\" \/><\/span><\/span>\n\t\t\t<\/p>\n\t\t\t<p><span class=\"style-icon icon-email\" style=\"margin-bottom:10px;\"><span class=\"wpcf7-form-control-wrap\" data-name=\"student-mail\"><input size=\"40\" maxlength=\"400\" class=\"wpcf7-form-control wpcf7-email wpcf7-validates-as-required wpcf7-text wpcf7-validates-as-email\" aria-required=\"true\" aria-invalid=\"false\" placeholder=\"Student email\" value=\"\" type=\"email\" name=\"student-mail\" \/><\/span><\/span>\n\t\t\t<\/p>\n\t\t<\/div>\n\t\t<div class=\"column-1_2\">\n\t\t\t<h4>PARENT\/REPRESENTATIVE DETAILS\n\t\t\t<\/h4>\n\t\t\t<p><span class=\"style-icon icon-name\" style=\"margin-bottom:10px;\"><span class=\"wpcf7-form-control-wrap\" data-name=\"parent-fullname\"><input size=\"40\" maxlength=\"400\" class=\"wpcf7-form-control wpcf7-text wpcf7-validates-as-required\" aria-required=\"true\" aria-invalid=\"false\" placeholder=\"First name and surname\" value=\"\" type=\"text\" name=\"parent-fullname\" \/><\/span><\/span>\n\t\t\t<\/p>\n\t\t\t<p><span class=\"style-icon icon-phone\" style=\"margin-bottom:10px;\"><span class=\"wpcf7-form-control-wrap\" data-name=\"sparent-tel\"><input size=\"40\" maxlength=\"400\" class=\"wpcf7-form-control wpcf7-tel wpcf7-validates-as-required wpcf7-text wpcf7-validates-as-tel\" aria-required=\"true\" aria-invalid=\"false\" placeholder=\"Phone\" value=\"\" type=\"tel\" name=\"sparent-tel\" \/><\/span><\/span>\n\t\t\t<\/p>\n\t\t\t<p><span class=\"style-icon icon-email\" style=\"margin-bottom:10px;\"><span class=\"wpcf7-form-control-wrap\" data-name=\"parent-mail\"><input size=\"40\" maxlength=\"400\" class=\"wpcf7-form-control wpcf7-email wpcf7-validates-as-required wpcf7-text wpcf7-validates-as-email\" aria-required=\"true\" aria-invalid=\"false\" placeholder=\"E-mail\" value=\"\" type=\"email\" name=\"parent-mail\" \/><\/span><\/span>\n\t\t\t<\/p>\n\t\t<\/div>\n\t\t<div class=\"column-1_2\">\n\t\t\t<h4>TUITION FEE PAYER\n\t\t\t<\/h4>\n\t\t\t<p><span class=\"style-icon icon-name\" style=\"margin-bottom:10px;\"><span class=\"wpcf7-form-control-wrap\" data-name=\"payer-fullname\"><input size=\"40\" maxlength=\"400\" class=\"wpcf7-form-control wpcf7-text wpcf7-validates-as-required\" aria-required=\"true\" aria-invalid=\"false\" placeholder=\"First name and surname\" value=\"\" type=\"text\" name=\"payer-fullname\" \/><\/span><\/span>\n\t\t\t<\/p>\n\t\t\t<p><span class=\"style-icon icon-vcard\" style=\"margin-bottom:10px;\"><span class=\"wpcf7-form-control-wrap\" data-name=\"payer-isikukood\"><input size=\"40\" maxlength=\"400\" class=\"wpcf7-form-control wpcf7-text wpcf7-validates-as-required\" aria-required=\"true\" aria-invalid=\"false\" placeholder=\"Identity code\" value=\"\" type=\"text\" name=\"payer-isikukood\" \/><\/span><\/span>\n\t\t\t<\/p>\n\t\t<\/div>\n\t\t<div class=\"column-1_2\">\n\t\t\t<h4>\u00a0\n\t\t\t<\/h4>\n\t\t\t<p><span class=\"wpcf7-form-control-wrap\" data-name=\"rprices\"><span class=\"wpcf7-form-control wpcf7-acceptance\"><span class=\"wpcf7-list-item\"><label><input type=\"checkbox\" name=\"rprices\" value=\"1\" aria-invalid=\"false\" \/><span class=\"wpcf7-list-item-label\">I have read the Tallink Tennis School <a href=\"https:\/\/tallinktennisekeskus.ee\/en\/tennis-school\/\" target=\"_blank\">price list.<\/a><\/span><\/label><\/span><\/span><\/span>\n\t\t\t<\/p>\n\t\t\t<p><span class=\"wpcf7-form-control-wrap\" data-name=\"rrules\"><span class=\"wpcf7-form-control wpcf7-acceptance\"><span class=\"wpcf7-list-item\"><label><input type=\"checkbox\" name=\"rrules\" value=\"1\" aria-invalid=\"false\" \/><span class=\"wpcf7-list-item-label\">I have read the Tallink Tennis Centre <a href=\"https:\/\/tallinktennisekeskus.ee\/en\/terms-and-conditions\/rules-of-good-practice\/\" target=\"_blank\">Rules of Good Practice<\/a> and the <a href=\"https:\/\/tallinktennisekeskus.ee\/en\/terms-and-conditions\/general-conditions-of-the-tallink-tennis-school\/\" target=\"_blank\">General Terms and Conditions of the Tallink Tennis School.<\/a><\/span><\/label><\/span><\/span><\/span>\n\t\t\t<\/p>\n\t\t\t<div>\n\t\t\t<\/div>\n\t\t<\/div>\n\t\t<p><input class=\"wpcf7-form-control wpcf7-submit has-spinner\" type=\"submit\" value=\"Send a letter\" \/>\n\t\t<\/p>\n\t<\/div>\n<\/div><div class=\"wpcf7-response-output\" aria-hidden=\"true\"><\/div>\n<\/form>\n<\/div>\n<\/p>\n<\/div>\n\t\t\t\t\t\t\t\t\t<div class=\"elementor-tab-title elementor-tab-mobile-title\" aria-selected=\"false\" data-tab=\"2\" role=\"tab\" tabindex=\"-1\" aria-controls=\"elementor-tab-content-2672\" aria-expanded=\"false\">Adult<\/div>\n\t\t\t\t\t<div id=\"elementor-tab-content-2672\" class=\"elementor-tab-content elementor-clearfix\" data-tab=\"2\" role=\"tabpanel\" aria-labelledby=\"elementor-tab-title-2672\" tabindex=\"0\" hidden=\"hidden\"><p>\n<div class=\"wpcf7 no-js\" id=\"wpcf7-f29337-o2\" lang=\"en-US\" dir=\"ltr\" data-wpcf7-id=\"29337\">\n<div class=\"screen-reader-response\"><p role=\"status\" aria-live=\"polite\" aria-atomic=\"true\"><\/p> <ul><\/ul><\/div>\n<form action=\"\/en\/wp-json\/wp\/v2\/pages\/29309#wpcf7-f29337-o2\" method=\"post\" class=\"wpcf7-form init\" aria-label=\"Contact form\" novalidate=\"novalidate\" data-status=\"init\">\n<div style=\"display: none;\">\n<input type=\"hidden\" name=\"_wpcf7\" value=\"29337\" \/>\n<input type=\"hidden\" name=\"_wpcf7_version\" value=\"6.0.6\" \/>\n<input type=\"hidden\" name=\"_wpcf7_locale\" value=\"en_US\" \/>\n<input type=\"hidden\" name=\"_wpcf7_unit_tag\" value=\"wpcf7-f29337-o2\" \/>\n<input type=\"hidden\" name=\"_wpcf7_container_post\" value=\"0\" \/>\n<input type=\"hidden\" name=\"_wpcf7_posted_data_hash\" value=\"\" \/>\n<\/div>\n<div class=\"form-style-4\">\n\t<p style=\"margin-bottom:20px;\">In order to register for the training sessions you need to join Tallink Tennis School.<br \/>\nTo join the Tennis School, please fill in the fields below.\n\t<\/p>\n\t<div class=\"columns_wrap\">\n\t\t<div class=\"column-1_2\">\n\t\t\t<h4>ANDMED\n\t\t\t<\/h4>\n\t\t\t<p><span class=\"style-icon icon-name\" style=\"margin-bottom:10px;\"><span class=\"wpcf7-form-control-wrap\" data-name=\"student-fullname\"><input size=\"40\" maxlength=\"400\" class=\"wpcf7-form-control wpcf7-text wpcf7-validates-as-required\" aria-required=\"true\" aria-invalid=\"false\" placeholder=\"First name and surname\" value=\"\" type=\"text\" name=\"student-fullname\" \/><\/span><\/span>\n\t\t\t<\/p>\n\t\t\t<p><span class=\"style-icon icon-vcard\" style=\"margin-bottom:10px;\"><span class=\"wpcf7-form-control-wrap\" data-name=\"isikukood\"><input size=\"40\" maxlength=\"400\" class=\"wpcf7-form-control wpcf7-text wpcf7-validates-as-required\" aria-required=\"true\" aria-invalid=\"false\" placeholder=\"Identity code\" value=\"\" type=\"text\" name=\"isikukood\" \/><\/span><\/span>\n\t\t\t<\/p>\n\t\t\t<p><span class=\"style-icon icon-address\" style=\"margin-bottom:10px;\"><span class=\"wpcf7-form-control-wrap\" data-name=\"student-address\"><input size=\"40\" maxlength=\"400\" class=\"wpcf7-form-control wpcf7-text wpcf7-validates-as-required\" aria-required=\"true\" aria-invalid=\"false\" placeholder=\"Address of registered residence\" value=\"\" type=\"text\" name=\"student-address\" \/><\/span><\/span>\n\t\t\t<\/p>\n\t\t\t<p><span class=\"style-icon icon-phone\" style=\"margin-bottom:10px;\"><span class=\"wpcf7-form-control-wrap\" data-name=\"student-tel\"><input size=\"40\" maxlength=\"400\" class=\"wpcf7-form-control wpcf7-tel wpcf7-validates-as-required wpcf7-text wpcf7-validates-as-tel\" aria-required=\"true\" aria-invalid=\"false\" placeholder=\"Phone\" value=\"\" type=\"tel\" name=\"student-tel\" \/><\/span><\/span>\n\t\t\t<\/p>\n\t\t\t<p><span class=\"style-icon icon-email\" style=\"margin-bottom:10px;\"><span class=\"wpcf7-form-control-wrap\" data-name=\"student-mail\"><input size=\"40\" maxlength=\"400\" class=\"wpcf7-form-control wpcf7-email wpcf7-validates-as-required wpcf7-text wpcf7-validates-as-email\" aria-required=\"true\" aria-invalid=\"false\" placeholder=\"E-mail\" value=\"\" type=\"email\" name=\"student-mail\" \/><\/span><\/span>\n\t\t\t<\/p>\n\t\t<\/div>\n\t\t<div class=\"column-1_2\">\n\t\t\t<h4>\u00a0\n\t\t\t<\/h4>\n\t\t\t<p><span class=\"wpcf7-form-control-wrap\" data-name=\"rprices\"><span class=\"wpcf7-form-control wpcf7-acceptance\"><span class=\"wpcf7-list-item\"><label><input type=\"checkbox\" name=\"rprices\" value=\"1\" aria-invalid=\"false\" \/><span class=\"wpcf7-list-item-label\">I have read the Tallink Tennis School <a href=\"https:\/\/tallinktennisekeskus.ee\/en\/tennis-school\/\" target=\"_blank\">price list.<\/a><\/span><\/label><\/span><\/span><\/span>\n\t\t\t<\/p>\n\t\t\t<p><span class=\"wpcf7-form-control-wrap\" data-name=\"rrules\"><span class=\"wpcf7-form-control wpcf7-acceptance\"><span class=\"wpcf7-list-item\"><label><input type=\"checkbox\" name=\"rrules\" value=\"1\" aria-invalid=\"false\" \/><span class=\"wpcf7-list-item-label\">I have read the Tallink Tennis Centre <a href=\"https:\/\/tallinktennisekeskus.ee\/en\/terms-and-conditions\/rules-of-good-practice\/\" target=\"_blank\">Rules of Good Practice<\/a> and the <a href=\"https:\/\/tallinktennisekeskus.ee\/en\/terms-and-conditions\/general-conditions-of-the-tallink-tennis-school\/\" target=\"_blank\">General Terms and Conditions of the Tallink Tennis School.<\/a><\/span><\/label><\/span><\/span><\/span>\n\t\t\t<\/p>\n\t\t\t<div>\n\t\t\t<\/div>\n\t\t<\/div>\n\t\t<p><input class=\"wpcf7-form-control wpcf7-submit has-spinner\" type=\"submit\" value=\"Send a letter\" \/>\n\t\t<\/p>\n\t<\/div>\n<\/div><div class=\"wpcf7-response-output\" aria-hidden=\"true\"><\/div>\n<\/form>\n<\/div>\n<\/p>\n<\/div>\n\t\t\t\t\t\t\t<\/div>\n\t\t<\/div>\n\t\t\t\t\t\t<\/div>\n\t\t\t\t<\/div>\n\t\t\t\t\t<\/div>\n\t\t<\/div>\n\t\t\t\t\t<\/div>\n\t\t<\/section>\n\t\t\t\t<\/div>\n\t\t","protected":false},"excerpt":{"rendered":"<p>Join a tennis school Student Adult Student Treeningutele registreerimiseks tuleb Teil liituda Tallink Tennisekooliga. Tennisekooliga liitumiseks palun t\u00e4itke allolevad v\u00e4ljad. \u00d5PILASE ANDMED LAPSEVANEMA \/ ESINDAJA ANDMED \u00d5PPEMAKSU TASUJA &nbsp; Olen&hellip;<\/p>\n","protected":false},"author":1,"featured_media":0,"parent":0,"menu_order":0,"comment_status":"closed","ping_status":"closed","template":"","meta":{"footnotes":""},"class_list":["post-29309","page","type-page","status-publish","hentry"],"_links":{"self":[{"href":"https:\/\/tallinktennisekeskus.ee\/en\/wp-json\/wp\/v2\/pages\/29309","targetHints":{"allow":["GET"]}}],"collection":[{"href":"https:\/\/tallinktennisekeskus.ee\/en\/wp-json\/wp\/v2\/pages"}],"about":[{"href":"https:\/\/tallinktennisekeskus.ee\/en\/wp-json\/wp\/v2\/types\/page"}],"author":[{"embeddable":true,"href":"https:\/\/tallinktennisekeskus.ee\/en\/wp-json\/wp\/v2\/users\/1"}],"replies":[{"embeddable":true,"href":"https:\/\/tallinktennisekeskus.ee\/en\/wp-json\/wp\/v2\/comments?post=29309"}],"version-history":[{"count":3,"href":"https:\/\/tallinktennisekeskus.ee\/en\/wp-json\/wp\/v2\/pages\/29309\/revisions"}],"predecessor-version":[{"id":29345,"href":"https:\/\/tallinktennisekeskus.ee\/en\/wp-json\/wp\/v2\/pages\/29309\/revisions\/29345"}],"wp:attachment":[{"href":"https:\/\/tallinktennisekeskus.ee\/en\/wp-json\/wp\/v2\/media?parent=29309"}],"curies":[{"name":"wp","href":"https:\/\/api.w.org\/{rel}","templated":true}]}}